{"id":5941,"date":"2023-11-27T14:35:43","date_gmt":"2023-11-27T13:35:43","guid":{"rendered":"https:\/\/modipack.hr\/p\/kutije-za-razvrstavanje-otpada\/"},"modified":"2024-06-06T13:36:16","modified_gmt":"2024-06-06T11:36:16","slug":"boxen-zur-muelltrennung","status":"publish","type":"product","link":"https:\/\/modipack.hr\/de\/p\/boxen-zur-muelltrennung\/","title":{"rendered":"Boxen zur M\u00fclltrennung"},"content":{"rendered":"","protected":false},"excerpt":{"rendered":"<p>Boxen zur M\u00fclltrennung werden aus drei- und f\u00fcnfschichtigem Material hergestellt. Verf\u00fcgbar sind Boxen mit oder ohne Deckel.<\/p>\n","protected":false},"featured_media":5942,"comment_status":"open","ping_status":"closed","template":"","meta":[],"product_brand":[],"product_cat":[185],"product_tag":[],"class_list":{"0":"post-5941","1":"product","2":"type-product","3":"status-publish","4":"has-post-thumbnail","6":"product_cat-kartonschachteln-de","8":"first","9":"instock","10":"shipping-taxable","11":"product-type-simple"},"_links":{"self":[{"href":"https:\/\/modipack.hr\/de\/wp-json\/wp\/v2\/product\/5941","targetHints":{"allow":["GET"]}}],"collection":[{"href":"https:\/\/modipack.hr\/de\/wp-json\/wp\/v2\/product"}],"about":[{"href":"https:\/\/modipack.hr\/de\/wp-json\/wp\/v2\/types\/product"}],"replies":[{"embeddable":true,"href":"https:\/\/modipack.hr\/de\/wp-json\/wp\/v2\/comments?post=5941"}],"wp:featuredmedia":[{"embeddable":true,"href":"https:\/\/modipack.hr\/de\/wp-json\/wp\/v2\/media\/5942"}],"wp:attachment":[{"href":"https:\/\/modipack.hr\/de\/wp-json\/wp\/v2\/media?parent=5941"}],"wp:term":[{"taxonomy":"product_brand","embeddable":true,"href":"https:\/\/modipack.hr\/de\/wp-json\/wp\/v2\/product_brand?post=5941"},{"taxonomy":"product_cat","embeddable":true,"href":"https:\/\/modipack.hr\/de\/wp-json\/wp\/v2\/product_cat?post=5941"},{"taxonomy":"product_tag","embeddable":true,"href":"https:\/\/modipack.hr\/de\/wp-json\/wp\/v2\/product_tag?post=5941"}],"curies":[{"name":"wp","href":"https:\/\/api.w.org\/{rel}","templated":true}]}}