{"id":5937,"date":"2023-11-27T14:42:01","date_gmt":"2023-11-27T13:42:01","guid":{"rendered":"https:\/\/modipack.hr\/p\/kutije-za-voce-i-povrce\/"},"modified":"2024-06-06T13:39:11","modified_gmt":"2024-06-06T11:39:11","slug":"boxen-fuer-obst-und-gemuese","status":"publish","type":"product","link":"https:\/\/modipack.hr\/de\/p\/boxen-fuer-obst-und-gemuese\/","title":{"rendered":"Boxen f\u00fcr Obst und Gem\u00fcse"},"content":{"rendered":"","protected":false},"excerpt":{"rendered":"<p>Boxen f\u00fcr Obst- und Gem\u00fcse werden aus f\u00fcnfschichtigem Karton hergestellt. Die Boxen werden ohne Kleben aufgebaut.<\/p>\n","protected":false},"featured_media":5938,"comment_status":"open","ping_status":"closed","template":"","meta":[],"product_brand":[],"product_cat":[185],"product_tag":[],"class_list":{"0":"post-5937","1":"product","2":"type-product","3":"status-publish","4":"has-post-thumbnail","6":"product_cat-kartonschachteln-de","8":"first","9":"instock","10":"shipping-taxable","11":"product-type-simple"},"_links":{"self":[{"href":"https:\/\/modipack.hr\/de\/wp-json\/wp\/v2\/product\/5937","targetHints":{"allow":["GET"]}}],"collection":[{"href":"https:\/\/modipack.hr\/de\/wp-json\/wp\/v2\/product"}],"about":[{"href":"https:\/\/modipack.hr\/de\/wp-json\/wp\/v2\/types\/product"}],"replies":[{"embeddable":true,"href":"https:\/\/modipack.hr\/de\/wp-json\/wp\/v2\/comments?post=5937"}],"wp:featuredmedia":[{"embeddable":true,"href":"https:\/\/modipack.hr\/de\/wp-json\/wp\/v2\/media\/5938"}],"wp:attachment":[{"href":"https:\/\/modipack.hr\/de\/wp-json\/wp\/v2\/media?parent=5937"}],"wp:term":[{"taxonomy":"product_brand","embeddable":true,"href":"https:\/\/modipack.hr\/de\/wp-json\/wp\/v2\/product_brand?post=5937"},{"taxonomy":"product_cat","embeddable":true,"href":"https:\/\/modipack.hr\/de\/wp-json\/wp\/v2\/product_cat?post=5937"},{"taxonomy":"product_tag","embeddable":true,"href":"https:\/\/modipack.hr\/de\/wp-json\/wp\/v2\/product_tag?post=5937"}],"curies":[{"name":"wp","href":"https:\/\/api.w.org\/{rel}","templated":true}]}}