{"id":5913,"date":"2023-11-27T14:52:52","date_gmt":"2023-11-27T13:52:52","guid":{"rendered":"https:\/\/modipack.hr\/p\/prigodna-ambalaza\/"},"modified":"2024-06-06T13:41:27","modified_gmt":"2024-06-06T11:41:27","slug":"verpackungen-fuer-besondere-gelegenheiten","status":"publish","type":"product","link":"https:\/\/modipack.hr\/de\/p\/verpackungen-fuer-besondere-gelegenheiten\/","title":{"rendered":"Verpackungen f\u00fcr besondere Gelegenheiten"},"content":{"rendered":"","protected":false},"excerpt":{"rendered":"<p>Besondere Verpackungen bestehen aus hochwertigen Materialien f\u00fcr alle m\u00f6glichen Anl\u00e4sse.<\/p>\n","protected":false},"featured_media":5914,"comment_status":"open","ping_status":"closed","template":"","meta":[],"product_brand":[],"product_cat":[185],"product_tag":[],"class_list":{"0":"post-5913","1":"product","2":"type-product","3":"status-publish","4":"has-post-thumbnail","6":"product_cat-kartonschachteln-de","8":"first","9":"instock","10":"shipping-taxable","11":"product-type-simple"},"_links":{"self":[{"href":"https:\/\/modipack.hr\/de\/wp-json\/wp\/v2\/product\/5913","targetHints":{"allow":["GET"]}}],"collection":[{"href":"https:\/\/modipack.hr\/de\/wp-json\/wp\/v2\/product"}],"about":[{"href":"https:\/\/modipack.hr\/de\/wp-json\/wp\/v2\/types\/product"}],"replies":[{"embeddable":true,"href":"https:\/\/modipack.hr\/de\/wp-json\/wp\/v2\/comments?post=5913"}],"wp:featuredmedia":[{"embeddable":true,"href":"https:\/\/modipack.hr\/de\/wp-json\/wp\/v2\/media\/5914"}],"wp:attachment":[{"href":"https:\/\/modipack.hr\/de\/wp-json\/wp\/v2\/media?parent=5913"}],"wp:term":[{"taxonomy":"product_brand","embeddable":true,"href":"https:\/\/modipack.hr\/de\/wp-json\/wp\/v2\/product_brand?post=5913"},{"taxonomy":"product_cat","embeddable":true,"href":"https:\/\/modipack.hr\/de\/wp-json\/wp\/v2\/product_cat?post=5913"},{"taxonomy":"product_tag","embeddable":true,"href":"https:\/\/modipack.hr\/de\/wp-json\/wp\/v2\/product_tag?post=5913"}],"curies":[{"name":"wp","href":"https:\/\/api.w.org\/{rel}","templated":true}]}}