{"id":5891,"date":"2023-11-27T15:17:22","date_gmt":"2023-11-27T14:17:22","guid":{"rendered":"https:\/\/modipack.hr\/p\/ljepljive-trake-s-filamentima\/"},"modified":"2024-06-07T11:51:04","modified_gmt":"2024-06-07T09:51:04","slug":"filament-klebebaender","status":"publish","type":"product","link":"https:\/\/modipack.hr\/de\/p\/filament-klebebaender\/","title":{"rendered":"Filament-Klebeb\u00e4nder"},"content":{"rendered":"","protected":false},"excerpt":{"rendered":"<p>Filament-Klebeb\u00e4nder sind ideal f\u00fcr anspruchsvolle Verpackungen.<br \/>\nSie dienen der Ladungssicherung und sind rei\u00dffest.<br \/>\nSie werden verwendet zum Verpacken schwerer und gro\u00dfer Kartons sowie zum Sichern von Paletten und Ladungen.<br \/>\nZWECK:<br \/>\nZum Verschlie\u00dfen sehr schwerer Kartonschachteln.<br \/>\nEIGENSCHAFTEN:<br \/>\nIn L\u00e4ngsrichtung mit Glasfasern verst\u00e4rktes, stark klebendes Klebeband, geeignet zum Verpacken schwerer Kartons.<br \/>\nABMESSUNGEN:<br \/>\nBreite: 15 mm bis 75 mm,<br \/>\nL\u00e4nge: 33 m bis 990 m<br \/>\nFARBEN:<br \/>\nwei\u00df, braun, transparent<\/p>\n","protected":false},"featured_media":5892,"comment_status":"open","ping_status":"closed","template":"","meta":[],"product_brand":[],"product_cat":[155,184],"product_tag":[],"class_list":{"0":"post-5891","1":"product","2":"type-product","3":"status-publish","4":"has-post-thumbnail","6":"product_cat-klebebaender-de","7":"product_cat-spezialklebebaender-de","9":"first","10":"instock","11":"shipping-taxable","12":"product-type-simple"},"_links":{"self":[{"href":"https:\/\/modipack.hr\/de\/wp-json\/wp\/v2\/product\/5891","targetHints":{"allow":["GET"]}}],"collection":[{"href":"https:\/\/modipack.hr\/de\/wp-json\/wp\/v2\/product"}],"about":[{"href":"https:\/\/modipack.hr\/de\/wp-json\/wp\/v2\/types\/product"}],"replies":[{"embeddable":true,"href":"https:\/\/modipack.hr\/de\/wp-json\/wp\/v2\/comments?post=5891"}],"wp:featuredmedia":[{"embeddable":true,"href":"https:\/\/modipack.hr\/de\/wp-json\/wp\/v2\/media\/5892"}],"wp:attachment":[{"href":"https:\/\/modipack.hr\/de\/wp-json\/wp\/v2\/media?parent=5891"}],"wp:term":[{"taxonomy":"product_brand","embeddable":true,"href":"https:\/\/modipack.hr\/de\/wp-json\/wp\/v2\/product_brand?post=5891"},{"taxonomy":"product_cat","embeddable":true,"href":"https:\/\/modipack.hr\/de\/wp-json\/wp\/v2\/product_cat?post=5891"},{"taxonomy":"product_tag","embeddable":true,"href":"https:\/\/modipack.hr\/de\/wp-json\/wp\/v2\/product_tag?post=5891"}],"curies":[{"name":"wp","href":"https:\/\/api.w.org\/{rel}","templated":true}]}}