{"id":5793,"date":"2023-12-06T16:16:50","date_gmt":"2023-12-06T15:16:50","guid":{"rendered":"https:\/\/modipack.hr\/p\/packtiger\/"},"modified":"2024-06-12T13:15:57","modified_gmt":"2024-06-12T11:15:57","slug":"packtiger","status":"publish","type":"product","link":"https:\/\/modipack.hr\/de\/p\/packtiger\/","title":{"rendered":"Packtiger"},"content":{"rendered":"","protected":false},"excerpt":{"rendered":"<p>Packtiger ist die SCHNELLSTE MASCHINE AM MARKT zum zerknittern von Papier und dient zum Schutz von Produkten vor St\u00f6\u00dfen und F\u00fcllen des Hohlraums in Kartons unterschiedlicher Gr\u00f6\u00dfe, womit der vollst\u00e4ndige Schutz Ihres Produkts bei Lagerung und Transport als eines der Schl\u00fcsselelemente des Produktschutzes erm\u00f6glicht wird.<br \/>\n100 % biologisch abbaubares Recyclingpapier.<br \/>\nEs handelt sich um eine schnelle, einfach zu bedienende und effiziente Maschine, die den Verpackungsprozess beschleunigt, wodurch Sie eine erhebliche Zeit- und Platzersparnis und einen sinnvolleren Arbeitseinsatz erzielen k\u00f6nnen.<br \/>\nMit einem hochwertigen Produktschutz zeigen Sie Ihren Kunden, dass Sie in ein positives Benutzererlebnis investieren.<\/p>\n<hr \/>\n<p><a href=\"https:\/\/modipack.hr\/wp-content\/uploads\/2024\/04\/Modipack-pdf-katalog-2-1.jpg\"><strong>PDF KATALOG &#8211; Packtiger<\/strong><\/a><\/p>\n","protected":false},"featured_media":5794,"comment_status":"open","ping_status":"closed","template":"","meta":[],"product_brand":[],"product_cat":[171],"product_tag":[],"class_list":{"0":"post-5793","1":"product","2":"type-product","3":"status-publish","4":"has-post-thumbnail","6":"product_cat-papierschutz-de","8":"first","9":"instock","10":"shipping-taxable","11":"product-type-simple"},"_links":{"self":[{"href":"https:\/\/modipack.hr\/de\/wp-json\/wp\/v2\/product\/5793","targetHints":{"allow":["GET"]}}],"collection":[{"href":"https:\/\/modipack.hr\/de\/wp-json\/wp\/v2\/product"}],"about":[{"href":"https:\/\/modipack.hr\/de\/wp-json\/wp\/v2\/types\/product"}],"replies":[{"embeddable":true,"href":"https:\/\/modipack.hr\/de\/wp-json\/wp\/v2\/comments?post=5793"}],"wp:featuredmedia":[{"embeddable":true,"href":"https:\/\/modipack.hr\/de\/wp-json\/wp\/v2\/media\/5794"}],"wp:attachment":[{"href":"https:\/\/modipack.hr\/de\/wp-json\/wp\/v2\/media?parent=5793"}],"wp:term":[{"taxonomy":"product_brand","embeddable":true,"href":"https:\/\/modipack.hr\/de\/wp-json\/wp\/v2\/product_brand?post=5793"},{"taxonomy":"product_cat","embeddable":true,"href":"https:\/\/modipack.hr\/de\/wp-json\/wp\/v2\/product_cat?post=5793"},{"taxonomy":"product_tag","embeddable":true,"href":"https:\/\/modipack.hr\/de\/wp-json\/wp\/v2\/product_tag?post=5793"}],"curies":[{"name":"wp","href":"https:\/\/api.w.org\/{rel}","templated":true}]}}