{"id":5716,"date":"2023-12-08T16:44:10","date_gmt":"2023-12-08T15:44:10","guid":{"rendered":"https:\/\/modipack.hr\/p\/propad\/"},"modified":"2024-06-12T14:07:54","modified_gmt":"2024-06-12T12:07:54","slug":"propad","status":"publish","type":"product","link":"https:\/\/modipack.hr\/de\/p\/propad\/","title":{"rendered":"ProPad"},"content":{"rendered":"","protected":false},"excerpt":{"rendered":"<p>Das ProPad Papierpolsterung-System dosiert im manuellen, Auto-Repeat- und Sequenzmodus, um Ihre Produktivit\u00e4tsziele zu erreichen. Erh\u00f6hung der Abwicklungsgeschwindigkeit mit individuellen Papierl\u00e4ngen, die mit bis zu 150 Pads pro Minute produziert werden, was es zum schnellsten Papierpolsterung-System auf dem Markt macht. Es kann zur Polsterung, zum Umschlagen sowie zum Blockieren und Aussteifen verwendet werden.<\/p>\n<p>&nbsp;<\/p>\n","protected":false},"featured_media":5717,"comment_status":"open","ping_status":"closed","template":"","meta":[],"product_brand":[],"product_cat":[171],"product_tag":[],"class_list":{"0":"post-5716","1":"product","2":"type-product","3":"status-publish","4":"has-post-thumbnail","6":"product_cat-papierschutz-de","8":"first","9":"instock","10":"shipping-taxable","11":"product-type-simple"},"_links":{"self":[{"href":"https:\/\/modipack.hr\/de\/wp-json\/wp\/v2\/product\/5716","targetHints":{"allow":["GET"]}}],"collection":[{"href":"https:\/\/modipack.hr\/de\/wp-json\/wp\/v2\/product"}],"about":[{"href":"https:\/\/modipack.hr\/de\/wp-json\/wp\/v2\/types\/product"}],"replies":[{"embeddable":true,"href":"https:\/\/modipack.hr\/de\/wp-json\/wp\/v2\/comments?post=5716"}],"wp:featuredmedia":[{"embeddable":true,"href":"https:\/\/modipack.hr\/de\/wp-json\/wp\/v2\/media\/5717"}],"wp:attachment":[{"href":"https:\/\/modipack.hr\/de\/wp-json\/wp\/v2\/media?parent=5716"}],"wp:term":[{"taxonomy":"product_brand","embeddable":true,"href":"https:\/\/modipack.hr\/de\/wp-json\/wp\/v2\/product_brand?post=5716"},{"taxonomy":"product_cat","embeddable":true,"href":"https:\/\/modipack.hr\/de\/wp-json\/wp\/v2\/product_cat?post=5716"},{"taxonomy":"product_tag","embeddable":true,"href":"https:\/\/modipack.hr\/de\/wp-json\/wp\/v2\/product_tag?post=5716"}],"curies":[{"name":"wp","href":"https:\/\/api.w.org\/{rel}","templated":true}]}}