{"id":5658,"date":"2023-12-13T15:50:35","date_gmt":"2023-12-13T14:50:35","guid":{"rendered":"https:\/\/modipack.hr\/p\/propasec-green\/"},"modified":"2024-06-07T12:48:25","modified_gmt":"2024-06-07T10:48:25","slug":"propasec-green","status":"publish","type":"product","link":"https:\/\/modipack.hr\/de\/p\/propasec-green\/","title":{"rendered":"PROPASEC green"},"content":{"rendered":"","protected":false},"excerpt":{"rendered":"<p>DIE UMWELTVERTR\u00c4GLICHE AUFNAHME VON FEUCHTIGKEIT<\/p>\n<p>Temperatur- und Feuchtigkeitsschwankungen sind eine der Hauptursachen f\u00fcr Sch\u00e4den an G\u00fctern w\u00e4hrend Transport und Lagerung. In einem Markt, in dem die Produkte in die ganze Welt verschickt werden, ist der Schutz der Ware ein grundlegendes Element, das ber\u00fccksichtigt werden muss, um unangenehme \u00dcberraschungen zu vermeiden.<\/p>\n<p>Propagroup hat es sich seit jeher zur Aufgabe gemacht, diese Art von Sch\u00e4den zu verhindern und seinen Kunden die notwendigen Instrumente zur Verf\u00fcgung zu stellen, um die zu neutralisierenden Einfl\u00fcsse zu kontrollieren. Dies wird immer mit dem Schutz der Umwelt in Vordergrund erreicht.<\/p>\n<p>PROPASEC Green Trockenmittelbeutel werden hergestellt, um ein wirksames, sicheres und umweltvertr\u00e4gliches Produkt auf dem Markt anzubieten, mit dem Ziel, die Luftfeuchtigkeit in der Verpackung und die daraus entstehenden Probleme zu reduzieren.<\/p>\n<p>Dank der hohen Absorptionsf\u00e4higkeit k\u00f6nnen PROPASEC Green-Produkte w\u00e4hrend des Transports und der Lagerung das Risiko reduzieren, den Taupunkt in der Verpackung zu erreichen. Auf diese Weise werden Qualit\u00e4t und Eigenschaften der Ware gegen Feuchtigkeitssch\u00e4den gesch\u00fctzt, dadurch dass die Umwelt respektiert wird.<\/p>\n<p>Tats\u00e4chlich werden PROPASEC Green Trockenmittelbeutel aus nat\u00fcrlichen Rohstoffen und einem sorgf\u00e4ltig ausgew\u00e4hlten, biologisch abbaubaren und kompostierbaren Vliesstoff hergestellt, wodurch sie sowohl f\u00fcr den Benutzer als auch f\u00fcr die Umwelt sicher sind und hohe Absorption sowie ausgezeichnete Qualit\u00e4t in Bezug auf Best\u00e4ndigkeit gew\u00e4hrleisten. Dieser Vliesstoff ist auch f\u00fcr den Kontakt mit Lebensmitteln gem\u00e4\u00df den europ\u00e4ischen Vorschriften (10\/2011) geeignet.<\/p>\n","protected":false},"featured_media":5664,"comment_status":"open","ping_status":"closed","template":"","meta":[],"product_brand":[],"product_cat":[168],"product_tag":[],"class_list":{"0":"post-5658","1":"product","2":"type-product","3":"status-publish","4":"has-post-thumbnail","6":"product_cat-oekologische-verpackungsmaterialien-de","8":"first","9":"instock","10":"shipping-taxable","11":"product-type-simple"},"_links":{"self":[{"href":"https:\/\/modipack.hr\/de\/wp-json\/wp\/v2\/product\/5658","targetHints":{"allow":["GET"]}}],"collection":[{"href":"https:\/\/modipack.hr\/de\/wp-json\/wp\/v2\/product"}],"about":[{"href":"https:\/\/modipack.hr\/de\/wp-json\/wp\/v2\/types\/product"}],"replies":[{"embeddable":true,"href":"https:\/\/modipack.hr\/de\/wp-json\/wp\/v2\/comments?post=5658"}],"wp:featuredmedia":[{"embeddable":true,"href":"https:\/\/modipack.hr\/de\/wp-json\/wp\/v2\/media\/5664"}],"wp:attachment":[{"href":"https:\/\/modipack.hr\/de\/wp-json\/wp\/v2\/media?parent=5658"}],"wp:term":[{"taxonomy":"product_brand","embeddable":true,"href":"https:\/\/modipack.hr\/de\/wp-json\/wp\/v2\/product_brand?post=5658"},{"taxonomy":"product_cat","embeddable":true,"href":"https:\/\/modipack.hr\/de\/wp-json\/wp\/v2\/product_cat?post=5658"},{"taxonomy":"product_tag","embeddable":true,"href":"https:\/\/modipack.hr\/de\/wp-json\/wp\/v2\/product_tag?post=5658"}],"curies":[{"name":"wp","href":"https:\/\/api.w.org\/{rel}","templated":true}]}}