{"id":5558,"date":"2024-04-26T14:40:38","date_gmt":"2024-04-26T12:40:38","guid":{"rendered":"https:\/\/modipack.hr\/p\/tiskane-ljepljive-trake\/"},"modified":"2024-06-07T12:38:18","modified_gmt":"2024-06-07T10:38:18","slug":"bedruckte-klebebaender","status":"publish","type":"product","link":"https:\/\/modipack.hr\/de\/p\/bedruckte-klebebaender\/","title":{"rendered":"Bedruckte Klebeb\u00e4nder"},"content":{"rendered":"","protected":false},"excerpt":{"rendered":"<p>Bedruckte Klebeb\u00e4nder bieten eine hervorragende Werbung f\u00fcr Ihr Unternehmen \u2013 Ihren Webshop, denn sie verleihen Ihrer Verpackung Wiedererkennungswert und sch\u00fctzen gleichzeitig die Waren. Durch die Bedruckung wird Ihr Klebeband einzigartig und Ihre Verpackung beim Transport und bei der Lagerung sicherer vor ungewolltem \u00d6ffnen. Wir bedrucken das Klebeband nach Ihren W\u00fcnschen mit allen Informationen, die Sie hervorheben m\u00f6chten: Logo, Firmenadresse, Warnhinweise wie z.B. zerbrechlich.<\/p>\n<p><strong>MATERIALIEN:<\/strong><br \/>\nPAPIER, PVC, Hotmelt, Acryl<\/p>\n<p><strong>GRUNDFARBEN:<\/strong><br \/>\nbraun, wei\u00df, transparent, rot, blau, gelb<\/p>\n<p><strong>DRUCK:<\/strong><br \/>\nbis zu f\u00fcnf Farben<\/p>\n","protected":false},"featured_media":5559,"comment_status":"open","ping_status":"closed","template":"","meta":[],"product_brand":[],"product_cat":[155],"product_tag":[],"class_list":{"0":"post-5558","1":"product","2":"type-product","3":"status-publish","4":"has-post-thumbnail","6":"product_cat-klebebaender-de","8":"first","9":"instock","10":"shipping-taxable","11":"product-type-simple"},"_links":{"self":[{"href":"https:\/\/modipack.hr\/de\/wp-json\/wp\/v2\/product\/5558","targetHints":{"allow":["GET"]}}],"collection":[{"href":"https:\/\/modipack.hr\/de\/wp-json\/wp\/v2\/product"}],"about":[{"href":"https:\/\/modipack.hr\/de\/wp-json\/wp\/v2\/types\/product"}],"replies":[{"embeddable":true,"href":"https:\/\/modipack.hr\/de\/wp-json\/wp\/v2\/comments?post=5558"}],"wp:featuredmedia":[{"embeddable":true,"href":"https:\/\/modipack.hr\/de\/wp-json\/wp\/v2\/media\/5559"}],"wp:attachment":[{"href":"https:\/\/modipack.hr\/de\/wp-json\/wp\/v2\/media?parent=5558"}],"wp:term":[{"taxonomy":"product_brand","embeddable":true,"href":"https:\/\/modipack.hr\/de\/wp-json\/wp\/v2\/product_brand?post=5558"},{"taxonomy":"product_cat","embeddable":true,"href":"https:\/\/modipack.hr\/de\/wp-json\/wp\/v2\/product_cat?post=5558"},{"taxonomy":"product_tag","embeddable":true,"href":"https:\/\/modipack.hr\/de\/wp-json\/wp\/v2\/product_tag?post=5558"}],"curies":[{"name":"wp","href":"https:\/\/api.w.org\/{rel}","templated":true}]}}