{"id":6040,"date":"2015-12-04T02:08:28","date_gmt":"2015-12-04T01:08:28","guid":{"rendered":"https:\/\/modipack.hr\/o-nama\/"},"modified":"2024-09-20T10:47:23","modified_gmt":"2024-09-20T08:47:23","slug":"ueber-uns","status":"publish","type":"page","link":"https:\/\/modipack.hr\/de\/ueber-uns\/","title":{"rendered":"\u00dcBER UNS"},"content":{"rendered":"<p><div class=\"fusion-fullwidth fullwidth-box fusion-builder-row-1 fusion-flex-container has-pattern-background has-mask-background fusion-parallax-none hundred-percent-fullwidth non-hundred-percent-height-scrolling\" style=\"--awb-border-radius-top-left:0px;--awb-border-radius-top-right:0px;--awb-border-radius-bottom-right:0px;--awb-border-radius-bottom-left:0px;--awb-padding-right:15px;--awb-padding-left:15px;--awb-background-color:var(--awb-color1);--awb-background-image:linear-gradient(180deg, rgba(40,117,186,0.61) 0%,var(--awb-color7) 100%),url(https:\/\/modipack.hr\/wp-content\/uploads\/2024\/02\/banner-4-1-1.jpg);;--awb-background-size:cover;--awb-flex-wrap:wrap;\" ><div class=\"fusion-builder-row fusion-row fusion-flex-align-items-flex-start fusion-flex-content-wrap\" style=\"width:104% !important;max-width:104% !important;margin-left: calc(-4% \/ 2 );margin-right: calc(-4% \/ 2 );\"><div class=\"fusion-layout-column fusion_builder_column fusion-builder-column-0 fusion_builder_column_1_4 1_4 fusion-flex-column\" style=\"--awb-bg-size:cover;--awb-width-large:25%;--awb-margin-top-large:0px;--awb-spacing-right-large:7.68%;--awb-margin-bottom-large:0px;--awb-spacing-left-large:7.68%;--awb-width-medium:100%;--awb-order-medium:0;--awb-spacing-right-medium:1.92%;--awb-spacing-left-medium:1.92%;--awb-width-small:100%;--awb-order-small:0;--awb-spacing-right-small:1.92%;--awb-spacing-left-small:1.92%;\"><div class=\"fusion-column-wrapper fusion-column-has-shadow fusion-flex-justify-content-flex-start fusion-content-layout-column\"><\/div><\/div><div class=\"fusion-layout-column fusion_builder_column fusion-builder-column-1 fusion_builder_column_1_2 1_2 fusion-flex-column\" style=\"--awb-bg-size:cover;--awb-width-large:50%;--awb-margin-top-large:0px;--awb-spacing-right-large:3.84%;--awb-margin-bottom-large:0px;--awb-spacing-left-large:3.84%;--awb-width-medium:100%;--awb-order-medium:0;--awb-spacing-right-medium:1.92%;--awb-spacing-left-medium:1.92%;--awb-width-small:100%;--awb-order-small:0;--awb-spacing-right-small:1.92%;--awb-spacing-left-small:1.92%;\"><div class=\"fusion-column-wrapper fusion-column-has-shadow fusion-flex-justify-content-flex-start fusion-content-layout-column\"><div class=\"fusion-separator fusion-full-width-sep\" style=\"align-self: center;margin-left: auto;margin-right: auto;margin-top:55px;width:100%;\"><\/div><div class=\"fusion-text fusion-text-1\" style=\"--awb-text-color:var(--awb-color1);\"><p>MODIPACK d.o.o. ist ein spezialisiertes Unternehmen, das sich mit L\u00f6sungen, Entwicklung und Produktion von Verpackungen und Schutzmaterialien besch\u00e4ftigt, die Produkte w\u00e4hrend des Transports und der Lagerung sch\u00fctzen.<\/p>\n<p>Wir haben den von uns vertretenen Bereich durch langj\u00e4hrige Erfahrung weiterentwickelt und verbessern unser Gesch\u00e4ft st\u00e4ndig entsprechend dem technologischen Fortschritt und den Kundenbed\u00fcrfnissen.<\/p>\n<p>Um eine qualitativ hochwertige oder spezifische L\u00f6sung und Produktschutz zu erreichen, bieten wir Beratung und umfassenden technischen Support.<br \/>\nEntsprechend den Anforderungen der Kunden k\u00f6nnen wir f\u00fcr ihre spezifischen Produkte eine innovative L\u00f6sung und ein innovatives Design anbieten.<br \/>\nDa sich unsere Produktion in Kroatien befindet, k\u00f6nnen wir in k\u00fcrzester Zeit und in h\u00f6chster Qualit\u00e4t liefern.<br \/>\nUnsere Arbeitsphilosophie basiert auf der Bereitstellung konkreter L\u00f6sungen f\u00fcr Kunden.<\/p>\n<p>Wir bauen unsere Beziehungen zu Gesch\u00e4ftspartnern auf dem Prinzip des gegenseitigen Respekts im Sinne der konsequenten Einhaltung aller vereinbarten Kooperationsbedingungen auf.<br \/>\nWir bauen unseren Erfolg auf der langj\u00e4hrigen Erfahrung und dem Wissen unserer Mitarbeiter auf; dies erm\u00f6glicht uns, ein qualitativ hochwertiges und preislich wettbewerbsf\u00e4higes Produkt herzustellen und schnell auf Kundenbed\u00fcrfnisse zu reagieren.<\/p>\n<\/div><div class=\"fusion-separator fusion-full-width-sep\" style=\"align-self: center;margin-left: auto;margin-right: auto;margin-top:25px;width:100%;\"><\/div><\/div><\/div><div class=\"fusion-layout-column fusion_builder_column fusion-builder-column-2 fusion_builder_column_1_4 1_4 fusion-flex-column\" style=\"--awb-bg-size:cover;--awb-width-large:25%;--awb-margin-top-large:0px;--awb-spacing-right-large:7.68%;--awb-margin-bottom-large:0px;--awb-spacing-left-large:7.68%;--awb-width-medium:100%;--awb-order-medium:0;--awb-spacing-right-medium:1.92%;--awb-spacing-left-medium:1.92%;--awb-width-small:100%;--awb-order-small:0;--awb-spacing-right-small:1.92%;--awb-spacing-left-small:1.92%;\"><div class=\"fusion-column-wrapper fusion-column-has-shadow fusion-flex-justify-content-flex-start fusion-content-layout-column\"><\/div><\/div><\/div><\/div><div class=\"fusion-fullwidth fullwidth-box fusion-builder-row-2 fusion-flex-container has-pattern-background has-mask-background nonhundred-percent-fullwidth non-hundred-percent-height-scrolling\" style=\"--awb-border-radius-top-left:0px;--awb-border-radius-top-right:0px;--awb-border-radius-bottom-right:0px;--awb-border-radius-bottom-left:0px;--awb-background-color:var(--awb-color1);--awb-flex-wrap:wrap;\" ><div class=\"fusion-builder-row fusion-row fusion-flex-align-items-flex-start fusion-flex-content-wrap\" style=\"max-width:1216.8px;margin-left: calc(-4% \/ 2 );margin-right: calc(-4% \/ 2 );\"><div class=\"fusion-layout-column fusion_builder_column fusion-builder-column-3 fusion_builder_column_1_3 1_3 fusion-flex-column\" style=\"--awb-bg-size:cover;--awb-width-large:33.333333333333%;--awb-margin-top-large:0px;--awb-spacing-right-large:5.76%;--awb-margin-bottom-large:0px;--awb-spacing-left-large:5.76%;--awb-width-medium:100%;--awb-order-medium:0;--awb-spacing-right-medium:1.92%;--awb-spacing-left-medium:1.92%;--awb-width-small:100%;--awb-order-small:0;--awb-spacing-right-small:1.92%;--awb-spacing-left-small:1.92%;\"><div class=\"fusion-column-wrapper fusion-column-has-shadow fusion-flex-justify-content-flex-start fusion-content-layout-column\"><div class=\"fusion-separator fusion-full-width-sep\" style=\"align-self: center;margin-left: auto;margin-right: auto;margin-top:15px;margin-bottom:15px;width:100%;\"><\/div><div class=\"fusion-image-element \" style=\"--awb-caption-title-font-family:var(--h2_typography-font-family);--awb-caption-title-font-weight:var(--h2_typography-font-weight);--awb-caption-title-font-style:var(--h2_typography-font-style);--awb-caption-title-size:var(--h2_typography-font-size);--awb-caption-title-transform:var(--h2_typography-text-transform);--awb-caption-title-line-height:var(--h2_typography-line-height);--awb-caption-title-letter-spacing:var(--h2_typography-letter-spacing);\"><span class=\" fusion-imageframe imageframe-none imageframe-1 hover-type-none\"><img decoding=\"async\" width=\"300\" height=\"150\" alt=\"ESIF FI logo korisnik RGB\" src=\"https:\/\/modipack.hr\/wp-content\/uploads\/2023\/08\/ESIF-FI-logo-korisnik-300x150.jpg\" class=\"img-responsive wp-image-6326\" srcset=\"https:\/\/modipack.hr\/wp-content\/uploads\/2023\/08\/ESIF-FI-logo-korisnik-200x100.jpg 200w, https:\/\/modipack.hr\/wp-content\/uploads\/2023\/08\/ESIF-FI-logo-korisnik-400x200.jpg 400w, https:\/\/modipack.hr\/wp-content\/uploads\/2023\/08\/ESIF-FI-logo-korisnik-600x300.jpg 600w, https:\/\/modipack.hr\/wp-content\/uploads\/2023\/08\/ESIF-FI-logo-korisnik-800x400.jpg 800w, https:\/\/modipack.hr\/wp-content\/uploads\/2023\/08\/ESIF-FI-logo-korisnik.jpg 875w\" sizes=\"(max-width: 1024px) 100vw, (max-width: 640px) 100vw, 400px\" \/><\/span><\/div><\/div><\/div><div class=\"fusion-layout-column fusion_builder_column fusion-builder-column-4 fusion_builder_column_1_3 1_3 fusion-flex-column\" style=\"--awb-bg-size:cover;--awb-width-large:33.333333333333%;--awb-margin-top-large:0px;--awb-spacing-right-large:5.76%;--awb-margin-bottom-large:0px;--awb-spacing-left-large:5.76%;--awb-width-medium:100%;--awb-order-medium:0;--awb-spacing-right-medium:1.92%;--awb-spacing-left-medium:1.92%;--awb-width-small:100%;--awb-order-small:0;--awb-spacing-right-small:1.92%;--awb-spacing-left-small:1.92%;\"><div class=\"fusion-column-wrapper fusion-column-has-shadow fusion-flex-justify-content-flex-start fusion-content-layout-column\"><div class=\"fusion-image-element \" style=\"--awb-caption-title-font-family:var(--h2_typography-font-family);--awb-caption-title-font-weight:var(--h2_typography-font-weight);--awb-caption-title-font-style:var(--h2_typography-font-style);--awb-caption-title-size:var(--h2_typography-font-size);--awb-caption-title-transform:var(--h2_typography-text-transform);--awb-caption-title-line-height:var(--h2_typography-line-height);--awb-caption-title-letter-spacing:var(--h2_typography-letter-spacing);\"><span class=\" fusion-imageframe imageframe-none imageframe-2 hover-type-none\"><img decoding=\"async\" width=\"300\" height=\"229\" alt=\"EU amblem\" src=\"https:\/\/modipack.hr\/wp-content\/uploads\/2023\/08\/EU-amblem-002-300x229.jpg\" class=\"img-responsive wp-image-6327\" srcset=\"https:\/\/modipack.hr\/wp-content\/uploads\/2023\/08\/EU-amblem-002-200x153.jpg 200w, https:\/\/modipack.hr\/wp-content\/uploads\/2023\/08\/EU-amblem-002-400x305.jpg 400w, https:\/\/modipack.hr\/wp-content\/uploads\/2023\/08\/EU-amblem-002.jpg 459w\" sizes=\"(max-width: 1024px) 100vw, (max-width: 640px) 100vw, 400px\" \/><\/span><\/div><\/div><\/div><div class=\"fusion-layout-column fusion_builder_column fusion-builder-column-5 fusion_builder_column_1_3 1_3 fusion-flex-column\" style=\"--awb-bg-size:cover;--awb-width-large:33.333333333333%;--awb-margin-top-large:0px;--awb-spacing-right-large:5.76%;--awb-margin-bottom-large:0px;--awb-spacing-left-large:5.76%;--awb-width-medium:100%;--awb-order-medium:0;--awb-spacing-right-medium:1.92%;--awb-spacing-left-medium:1.92%;--awb-width-small:100%;--awb-order-small:0;--awb-spacing-right-small:1.92%;--awb-spacing-left-small:1.92%;\"><div class=\"fusion-column-wrapper fusion-column-has-shadow fusion-flex-justify-content-flex-start fusion-content-layout-column\"><div class=\"fusion-separator fusion-full-width-sep\" style=\"align-self: center;margin-left: auto;margin-right: auto;margin-top:25px;margin-bottom:25px;width:100%;\"><\/div><div class=\"fusion-image-element \" style=\"--awb-caption-title-font-family:var(--h2_typography-font-family);--awb-caption-title-font-weight:var(--h2_typography-font-weight);--awb-caption-title-font-style:var(--h2_typography-font-style);--awb-caption-title-size:var(--h2_typography-font-size);--awb-caption-title-transform:var(--h2_typography-text-transform);--awb-caption-title-line-height:var(--h2_typography-line-height);--awb-caption-title-letter-spacing:var(--h2_typography-letter-spacing);\"><span class=\" fusion-imageframe imageframe-none imageframe-3 hover-type-none\"><img decoding=\"async\" width=\"300\" height=\"63\" alt=\"HAMAG-Bicro logo\" src=\"https:\/\/modipack.hr\/wp-content\/uploads\/2023\/08\/HAMAG-Bicro-logo-RGB-mali-002-300x63.jpg\" class=\"img-responsive wp-image-6328\" srcset=\"https:\/\/modipack.hr\/wp-content\/uploads\/2023\/08\/HAMAG-Bicro-logo-RGB-mali-002-200x42.jpg 200w, https:\/\/modipack.hr\/wp-content\/uploads\/2023\/08\/HAMAG-Bicro-logo-RGB-mali-002.jpg 350w\" sizes=\"(max-width: 1024px) 100vw, (max-width: 640px) 100vw, 300px\" \/><\/span><\/div><\/div><\/div><\/div><\/div><\/p>\n","protected":false},"excerpt":{"rendered":"","protected":false},"author":1,"featured_media":0,"parent":0,"menu_order":0,"comment_status":"closed","ping_status":"closed","template":"100-width.php","meta":{"footnotes":""},"class_list":["post-6040","page","type-page","status-publish","hentry"],"_links":{"self":[{"href":"https:\/\/modipack.hr\/de\/wp-json\/wp\/v2\/pages\/6040","targetHints":{"allow":["GET"]}}],"collection":[{"href":"https:\/\/modipack.hr\/de\/wp-json\/wp\/v2\/pages"}],"about":[{"href":"https:\/\/modipack.hr\/de\/wp-json\/wp\/v2\/types\/page"}],"author":[{"embeddable":true,"href":"https:\/\/modipack.hr\/de\/wp-json\/wp\/v2\/users\/1"}],"replies":[{"embeddable":true,"href":"https:\/\/modipack.hr\/de\/wp-json\/wp\/v2\/comments?post=6040"}],"version-history":[{"count":7,"href":"https:\/\/modipack.hr\/de\/wp-json\/wp\/v2\/pages\/6040\/revisions"}],"predecessor-version":[{"id":6344,"href":"https:\/\/modipack.hr\/de\/wp-json\/wp\/v2\/pages\/6040\/revisions\/6344"}],"wp:attachment":[{"href":"https:\/\/modipack.hr\/de\/wp-json\/wp\/v2\/media?parent=6040"}],"curies":[{"name":"wp","href":"https:\/\/api.w.org\/{rel}","templated":true}]}}